{"id":1284,"date":"2020-10-10T00:05:39","date_gmt":"2020-10-09T21:05:39","guid":{"rendered":"https:\/\/www.arsan.com\/?page_id=1284"},"modified":"2024-08-01T14:49:40","modified_gmt":"2024-08-01T11:49:40","slug":"cevre-politikamiz","status":"publish","type":"page","link":"https:\/\/www.arsan.com\/en\/cevre-politikamiz\/","title":{"rendered":"Enviromental Policy"},"content":{"rendered":"<div data-elementor-type=\"wp-page\" data-elementor-id=\"1284\" class=\"elementor elementor-1284\" data-elementor-post-type=\"page\">\n\t\t\t\t\t\t<section class=\"elementor-section elementor-top-section elementor-element elementor-element-4a66b4d2 elementor-section-boxed elementor-section-height-default elementor-section-height-default\" data-id=\"4a66b4d2\" data-element_type=\"section\" data-e-type=\"section\" data-settings=\"{&quot;background_background&quot;:&quot;classic&quot;}\">\n\t\t\t\t\t\t<div class=\"elementor-container elementor-column-gap-default\">\n\t\t\t\t\t<div class=\"elementor-column elementor-col-33 elementor-top-column elementor-element elementor-element-794e8bc9\" data-id=\"794e8bc9\" data-element_type=\"column\" data-e-type=\"column\" data-settings=\"{&quot;background_background&quot;:&quot;gradient&quot;}\">\n\t\t\t<div class=\"elementor-widget-wrap elementor-element-populated\">\n\t\t\t\t\t\t<div class=\"elementor-element elementor-element-5559349 elementor-widget elementor-widget-text-editor\" data-id=\"5559349\" data-element_type=\"widget\" data-e-type=\"widget\" data-widget_type=\"text-editor.default\">\n\t\t\t\t<div class=\"elementor-widget-container\">\n\t\t\t\t\t\t\t\t\t<p><span style=\"color: #ff671d;\">Company<\/span><\/p>\t\t\t\t\t\t\t\t<\/div>\n\t\t\t\t<\/div>\n\t\t\t\t<div class=\"elementor-element elementor-element-7308c14f elementor-widget elementor-widget-text-editor\" data-id=\"7308c14f\" data-element_type=\"widget\" data-e-type=\"widget\" data-widget_type=\"text-editor.default\">\n\t\t\t\t<div class=\"elementor-widget-container\">\n\t\t\t\t\t\t\t\t\t<ul><li><a href=\"https:\/\/www.arsan.com\/calistigimiz-ulkeler\/\">Countries We Work<\/a><\/li><li><a href=\"https:\/\/www.arsan.com\/hakkimizda\/\">About<\/a><\/li><li><span style=\"color: #ffffff;\">Our Policy<\/span><ul><li><a href=\"https:\/\/www.arsan.com\/kalite--politikamiz\/\">Quality Policy<\/a><\/li><li><a href=\"https:\/\/www.arsan.com\/is-guvenligi-politikamiz\/\">Occupational Health &amp; Safety Policy<\/a><\/li><li><a href=\"https:\/\/www.arsan.com\/cevre-politikamiz\/\">Enviromental Policy<\/a><\/li><li><a href=\"https:\/\/www.arsan.com\/bilgi-guvenligi-politikamiz\/\">Information Security Policy<\/a><\/li><li><a href=\"https:\/\/www.arsan.com\/tr\/enerji-yonetim-politikasi\/\">Energy Magnagement System Policy<\/a><\/li><li><a href=\"https:\/\/www.arsan.com\/sosyal-sorumluluk-politikamiz\/\">Our Social Responsibility Policy<\/a><\/li><li><a href=\"https:\/\/www.arsan.com\/tr\/eys-kapsamimiz\/\">IMS Scope<\/a><\/li><\/ul><\/li><li><a href=\"https:\/\/www.arsan.com\/sertifikalarimiz\/\">Certificates<\/a><\/li><li><a href=\"https:\/\/www.arsan.com\/fabrikamiz\/\">Facility<\/a><\/li><li><a href=\"https:\/\/www.arsan.com\/insan-kaynaklari\/\">Human Resources<\/a><\/li><li><a href=\"https:\/\/www.arsan.com\/kvkk-2\/\">KVKK<\/a><\/li><li><a href=\"https:\/\/www.arsan.com\/sirket-sicili\/\">Company Info<\/a><\/li><\/ul>\t\t\t\t\t\t\t\t<\/div>\n\t\t\t\t<\/div>\n\t\t\t\t\t<\/div>\n\t\t<\/div>\n\t\t\t\t<div class=\"elementor-column elementor-col-66 elementor-top-column elementor-element elementor-element-7de0242f\" data-id=\"7de0242f\" data-element_type=\"column\" data-e-type=\"column\">\n\t\t\t<div class=\"elementor-widget-wrap elementor-element-populated\">\n\t\t\t\t\t\t<div class=\"elementor-element elementor-element-6581f9a9 elementor-widget elementor-widget-image\" data-id=\"6581f9a9\" data-element_type=\"widget\" data-e-type=\"widget\" data-widget_type=\"image.default\">\n\t\t\t\t<div class=\"elementor-widget-container\">\n\t\t\t\t\t\t\t\t\t\t\t\t\t\t\t<img fetchpriority=\"high\" decoding=\"async\" width=\"1100\" height=\"300\" src=\"https:\/\/www.arsan.com\/wp-content\/uploads\/2022\/12\/cevre-politikamiz.jpg\" class=\"attachment-full size-full wp-image-4198\" alt=\"\" srcset=\"https:\/\/www.arsan.com\/wp-content\/uploads\/2022\/12\/cevre-politikamiz.jpg 1100w, https:\/\/www.arsan.com\/wp-content\/uploads\/2022\/12\/cevre-politikamiz-300x82.jpg 300w, https:\/\/www.arsan.com\/wp-content\/uploads\/2022\/12\/cevre-politikamiz-1024x279.jpg 1024w, https:\/\/www.arsan.com\/wp-content\/uploads\/2022\/12\/cevre-politikamiz-768x209.jpg 768w, https:\/\/www.arsan.com\/wp-content\/uploads\/2022\/12\/cevre-politikamiz-18x5.jpg 18w\" sizes=\"(max-width: 1100px) 100vw, 1100px\" \/>\t\t\t\t\t\t\t\t\t\t\t\t\t\t\t<\/div>\n\t\t\t\t<\/div>\n\t\t\t\t<div class=\"elementor-element elementor-element-f143e89 elementor-widget elementor-widget-heading\" data-id=\"f143e89\" data-element_type=\"widget\" data-e-type=\"widget\" data-widget_type=\"heading.default\">\n\t\t\t\t<div class=\"elementor-widget-container\">\n\t\t\t\t\t<h2 class=\"elementor-heading-title elementor-size-default\"><h1 data-elementor-setting-key=\"title\" data-pen-placeholder=\"Buraya yaz...\" style=\"font-weight: 600;font-size: 29px;font-family: Roboto, sans-serif;text-align: center\">Enviromental Policy<\/h1><\/h2>\t\t\t\t<\/div>\n\t\t\t\t<\/div>\n\t\t\t\t<div class=\"elementor-element elementor-element-650dd77 elementor-widget elementor-widget-text-editor\" data-id=\"650dd77\" data-element_type=\"widget\" data-e-type=\"widget\" data-widget_type=\"text-editor.default\">\n\t\t\t\t<div class=\"elementor-widget-container\">\n\t\t\t\t\t\t\t\t\t<p><span style=\"color: #525252; font-family: var( --e-global-typography-text-font-family ), Sans-serif; font-weight: var( --e-global-typography-text-font-weight );\">Yay\u0131n Tarihi 13.01.2015<\/span><\/p><p><br style=\"color: #525252;\" \/><span style=\"color: #525252;\">Revizyon Tarihi 18.08.2020<\/span><br style=\"color: #525252;\" \/><span style=\"color: #525252;\">Revizyon No 02<\/span><\/p>\t\t\t\t\t\t\t\t<\/div>\n\t\t\t\t<\/div>\n\t\t\t\t<div class=\"elementor-element elementor-element-5cae2186 elementor-widget elementor-widget-text-editor\" data-id=\"5cae2186\" data-element_type=\"widget\" data-e-type=\"widget\" data-widget_type=\"text-editor.default\">\n\t\t\t\t<div class=\"elementor-widget-container\">\n\t\t\t\t\t\t\t\t\t<ul><li>Our company ensures the minimization of environmental impacts that may occur from raw material supply within the \u201cProduct Life Cycle\u201d principle to the after-sales services stage;<span style=\"color: var( --e-global-color-text );\">;<br \/><br \/><\/span><\/li><li>To ensure the detection of hazards and possible risks in our company within the principle of \u201cRisk Based Thinking\u201d in order to provide a clean and safe working environment, to provide the necessary resources for the prevention activities of all kinds of environmental accidents and to prevent these accidents and hazards; support to our customers and suppliers to ensure a clean and safe working environment;<br \/><br \/><\/li><li>Our designed and manufactured rubber and metal products have been adopted in compliance with global and local environmental standards by taking a step forward with their environmental sensitivity. To adopt the principle of continuous improvement by developing new technologies, methods and systems in order to provide more environmentally friendly products to our customers;<br \/><br \/><\/li><li>By creating environments where our internal stakeholders can further advance their knowledge, abilities and personal development, we further increase our environmental efficiency with an environmentally conscious organization;<br \/><br \/><\/li><li>To inform the external stakeholders on the prevention of the factors that have negative impact on the environmental dimensions and which may cause environmental pollution with our competent and highly aware employees and to make them more sensitive to the environment based on the principle of in \u201cPrevention at the Source\u201d;<br \/><br \/><\/li><li>According to global and local laws, regulations, standards, environmental requirements, demands of our customers and changing global and local conditions, it is our policy to periodically review our \u201cEnvironmental Policy\u201d at meetings every year and update it with realistic approaches.<br \/><br \/><\/li><li>Our \u201cEnvironmental Policy\u201d is shared with our internal and external stakeholders in terms of understanding and adding value to our company. The up-to-date version of our environmental policy can reach at http:\/\/www.www.arsankaucuk.com.tr\/.<br \/>A clean environment, belongs to all our stakeholders..<\/li><\/ul><p><strong>K\u00e2mil Berat \u00d6ZT\u0130MUR<\/strong>\u00a0 \/ Chairman of Board<\/p>\t\t\t\t\t\t\t\t<\/div>\n\t\t\t\t<\/div>\n\t\t\t\t\t<\/div>\n\t\t<\/div>\n\t\t\t\t\t<\/div>\n\t\t<\/section>\n\t\t\t\t<\/div>","protected":false},"excerpt":{"rendered":"<p>Kurumsal \u00c7al\u0131\u015ft\u0131\u011f\u0131m\u0131z \u00dclkeler Hakk\u0131m\u0131zda Politikalar\u0131m\u0131z Kalite Politikam\u0131z \u0130\u015f G\u00fcvenli\u011fi Politikam\u0131z \u00c7evre Politikam\u0131z Bilgi G\u00fcvenli\u011fi Politikam\u0131z Enerji Y\u00f6netim Sistemi Politikam\u0131z Sosyal Sorumluluk Politikam\u0131z EYS Kapsam\u0131 Sertifikalar\u0131m\u0131z Fabrikam\u0131z \u0130nsan Kaynaklar\u0131 KVKK \u015eirket Sicili \u00c7evre Politikam\u0131z Yay\u0131n Tarihi 13.01.2015 Revizyon Tarihi 18.08.2020Revizyon No 02 Firmam\u0131z \u201c\u00dcr\u00fcn Ya\u015fam D\u00f6ng\u00fcs\u00fc\u201d prensibi i\u00e7erisinde bulunan hammadde temininden, sat\u0131\u015f sonras\u0131 hizmetler a\u015famas\u0131na kadar [&hellip;]<\/p>\n","protected":false},"author":2,"featured_media":0,"parent":0,"menu_order":0,"comment_status":"closed","ping_status":"closed","template":"","meta":{"footnotes":""},"class_list":["post-1284","page","type-page","status-publish","hentry"],"aioseo_notices":[],"_links":{"self":[{"href":"https:\/\/www.arsan.com\/en\/wp-json\/wp\/v2\/pages\/1284","targetHints":{"allow":["GET"]}}],"collection":[{"href":"https:\/\/www.arsan.com\/en\/wp-json\/wp\/v2\/pages"}],"about":[{"href":"https:\/\/www.arsan.com\/en\/wp-json\/wp\/v2\/types\/page"}],"author":[{"embeddable":true,"href":"https:\/\/www.arsan.com\/en\/wp-json\/wp\/v2\/users\/2"}],"replies":[{"embeddable":true,"href":"https:\/\/www.arsan.com\/en\/wp-json\/wp\/v2\/comments?post=1284"}],"version-history":[{"count":3,"href":"https:\/\/www.arsan.com\/en\/wp-json\/wp\/v2\/pages\/1284\/revisions"}],"predecessor-version":[{"id":5493,"href":"https:\/\/www.arsan.com\/en\/wp-json\/wp\/v2\/pages\/1284\/revisions\/5493"}],"wp:attachment":[{"href":"https:\/\/www.arsan.com\/en\/wp-json\/wp\/v2\/media?parent=1284"}],"curies":[{"name":"wp","href":"https:\/\/api.w.org\/{rel}","templated":true}]}}