{"id":1142,"date":"2020-10-07T18:05:08","date_gmt":"2020-10-07T15:05:08","guid":{"rendered":"https:\/\/www.arsan.com\/?page_id=1142"},"modified":"2022-12-23T08:53:11","modified_gmt":"2022-12-23T05:53:11","slug":"testler","status":"publish","type":"page","link":"https:\/\/www.arsan.com\/en\/hizmetlerimiz\/testler\/","title":{"rendered":"Tests"},"content":{"rendered":"<div data-elementor-type=\"wp-page\" data-elementor-id=\"1142\" class=\"elementor elementor-1142\" data-elementor-post-type=\"page\">\n\t\t\t\t\t\t<section class=\"elementor-section elementor-top-section elementor-element elementor-element-252e0990 elementor-section-boxed elementor-section-height-default elementor-section-height-default\" data-id=\"252e0990\" data-element_type=\"section\" data-e-type=\"section\">\n\t\t\t\t\t\t<div class=\"elementor-container elementor-column-gap-default\">\n\t\t\t\t\t<div class=\"elementor-column elementor-col-33 elementor-top-column elementor-element elementor-element-1550fde8\" data-id=\"1550fde8\" data-element_type=\"column\" data-e-type=\"column\" data-settings=\"{&quot;background_background&quot;:&quot;gradient&quot;}\">\n\t\t\t<div class=\"elementor-widget-wrap elementor-element-populated\">\n\t\t\t\t\t\t<div class=\"elementor-element elementor-element-8253e2f elementor-widget elementor-widget-text-editor\" data-id=\"8253e2f\" data-element_type=\"widget\" data-e-type=\"widget\" data-widget_type=\"text-editor.default\">\n\t\t\t\t<div class=\"elementor-widget-container\">\n\t\t\t\t\t\t\t\t\t<p><span style=\"color: #ff671d;\">Services<\/span><\/p>\t\t\t\t\t\t\t\t<\/div>\n\t\t\t\t<\/div>\n\t\t\t\t<div class=\"elementor-element elementor-element-370e629b elementor-widget elementor-widget-text-editor\" data-id=\"370e629b\" data-element_type=\"widget\" data-e-type=\"widget\" data-widget_type=\"text-editor.default\">\n\t\t\t\t<div class=\"elementor-widget-container\">\n\t\t\t\t\t\t\t\t\t<ul><li><a href=\"https:\/\/www.arsan.com\/hizmetlerimiz\/yapi-sagligi-izleme\/\"><span style=\"color: #ffffff;\">Structural Health Monitoring<\/span><\/a><\/li><li><a href=\"https:\/\/www.arsan.com\/hizmetlerimiz\/yapisal-ve-sismik-mesnet-dizayni\/\"><span style=\"color: #ffffff;\">Structural &amp; Seismic Bearing Design<\/span><\/a><\/li><li><a href=\"https:\/\/www.arsan.com\/hizmetlerimiz\/genlesme-derzi-montaji-ve-degisimi\/\"><span style=\"color: #ffffff;\">Expansion Joint Installation &amp; M.<\/span><\/a><\/li><li><a href=\"https:\/\/www.arsan.com\/hizmetlerimiz\/kopru-ve-bina-mesnet-montaji-ve-degisimi\/\"><span style=\"color: #ffffff;\">Bridge &amp; Building Bearing Inst. &amp; M.<\/span><\/a><\/li><li><a href=\"https:\/\/www.arsan.com\/hizmetlerimiz\/conta-tasarimi\/\"><span style=\"color: #ffffff;\"><span style=\"caret-color: #ffffff;\">Gasket Design<\/span><\/span><\/a><\/li><li><a href=\"https:\/\/www.arsan.com\/hizmetlerimiz\/testler\/\"><span style=\"color: #ffffff;\">Tests<\/span><\/a><\/li><\/ul><ul><li style=\"list-style-type: none;\">\u00a0<\/li><\/ul><ul><li style=\"list-style-type: none;\">\u00a0<\/li><\/ul>\t\t\t\t\t\t\t\t<\/div>\n\t\t\t\t<\/div>\n\t\t\t\t\t<\/div>\n\t\t<\/div>\n\t\t\t\t<div class=\"elementor-column elementor-col-66 elementor-top-column elementor-element elementor-element-4e6d54ed\" data-id=\"4e6d54ed\" data-element_type=\"column\" data-e-type=\"column\">\n\t\t\t<div class=\"elementor-widget-wrap elementor-element-populated\">\n\t\t\t\t\t\t<div class=\"elementor-element elementor-element-37e6d61f elementor-widget elementor-widget-image\" data-id=\"37e6d61f\" data-element_type=\"widget\" data-e-type=\"widget\" data-widget_type=\"image.default\">\n\t\t\t\t<div class=\"elementor-widget-container\">\n\t\t\t\t\t\t\t\t\t\t\t\t\t\t\t<img fetchpriority=\"high\" decoding=\"async\" width=\"1100\" height=\"300\" src=\"https:\/\/www.arsan.com\/wp-content\/uploads\/2022\/12\/testler-1.jpg\" class=\"attachment-full size-full wp-image-4302\" alt=\"\" srcset=\"https:\/\/www.arsan.com\/wp-content\/uploads\/2022\/12\/testler-1.jpg 1100w, https:\/\/www.arsan.com\/wp-content\/uploads\/2022\/12\/testler-1-300x82.jpg 300w, https:\/\/www.arsan.com\/wp-content\/uploads\/2022\/12\/testler-1-1024x279.jpg 1024w, https:\/\/www.arsan.com\/wp-content\/uploads\/2022\/12\/testler-1-768x209.jpg 768w, https:\/\/www.arsan.com\/wp-content\/uploads\/2022\/12\/testler-1-18x5.jpg 18w\" sizes=\"(max-width: 1100px) 100vw, 1100px\" \/>\t\t\t\t\t\t\t\t\t\t\t\t\t\t\t<\/div>\n\t\t\t\t<\/div>\n\t\t\t\t<div class=\"elementor-element elementor-element-21fde1d1 elementor-widget elementor-widget-text-editor\" data-id=\"21fde1d1\" data-element_type=\"widget\" data-e-type=\"widget\" data-widget_type=\"text-editor.default\">\n\t\t\t\t<div class=\"elementor-widget-container\">\n\t\t\t\t\t\t\t\t\t<h3>Our Tests<\/h3><div><ul><li>Tensile Strength (MPa)<\/li><li>Elongation at Break (%)<\/li><li>Hardness (IRHD)<\/li><li>Hardness (Shore A)<\/li><li>Y\u0131rt\u0131lma Dayan\u0131m\u0131 \u00a0(kN \/ m)<\/li><li>Compression Set (%)<\/li><li>Accelerated Ageing (change in hardness after ageing) (Shore A and IRHD)<\/li><li>Accelerated Ageing (change in tensile strength after ageing) (%)<\/li><li>Accelerated Ageing (change in elongation at break after ageing) (%)<\/li><li>Low Temperature Resistance<\/li><li>Ageing in Liquids (%)<\/li><li>Volume Change in Water (%)<\/li><li>Abrasion Resistance (%)<\/li><li>Spesific Gravity (g\/cm\u00b3)<\/li><li>Rheometer<\/li><li>Viscometer<\/li><li>Moisture Measurement (%)<\/li><li>Stress Relaxation (%)<\/li><li>Ash Content (%)<\/li><li>Load-Deflection Test (kN\/mm)<\/li><li>Compression Stiffness (kN\/mm)<\/li><li>Shear Modulus (MPa)<\/li><li>\u00a0Shear Bond<\/li><li>Project Proof Load Test (kN\/mm)<\/li><li>Water Tightness for Tunnel Segment Gaskets (Bar)\u00a0<\/li><\/ul><\/div>\t\t\t\t\t\t\t\t<\/div>\n\t\t\t\t<\/div>\n\t\t\t\t\t<\/div>\n\t\t<\/div>\n\t\t\t\t\t<\/div>\n\t\t<\/section>\n\t\t\t\t<\/div>","protected":false},"excerpt":{"rendered":"<p>Hizmetlerimiz Yap\u0131 Sa\u011fl\u0131\u011f\u0131 \u0130zleme Yap\u0131sal ve Sismik Mesnet Dizayn\u0131 Genle\u015fme Derzi Montaji ve De\u011f. K\u00f6pr\u00fc ve Bina Mesnet Montaj\u0131 ve De\u011f. Conta Tasar\u0131m\u0131 Testler \u00a0 \u00a0 Testlerimiz Kopma Mukavemeti (MPa) Maksimum Uzama (%) Sertlik\u00a0(IRHD) Sertlik\u00a0(Shore A) Y\u0131rt\u0131lma Dayan\u0131m\u0131 \u00a0(kN \/ m) Deformasyon (Kal\u0131c\u0131 Ezilme Oran\u0131) (%) Ya\u015fland\u0131rma Sonras\u0131 Sertlik De\u011fi\u015fimi\u00a0\u00a0(Shore A and IRHD) Ya\u015fland\u0131rma Sonras\u0131 [&hellip;]<\/p>\n","protected":false},"author":2,"featured_media":0,"parent":221,"menu_order":0,"comment_status":"closed","ping_status":"closed","template":"","meta":{"footnotes":""},"class_list":["post-1142","page","type-page","status-publish","hentry"],"aioseo_notices":[],"_links":{"self":[{"href":"https:\/\/www.arsan.com\/en\/wp-json\/wp\/v2\/pages\/1142","targetHints":{"allow":["GET"]}}],"collection":[{"href":"https:\/\/www.arsan.com\/en\/wp-json\/wp\/v2\/pages"}],"about":[{"href":"https:\/\/www.arsan.com\/en\/wp-json\/wp\/v2\/types\/page"}],"author":[{"embeddable":true,"href":"https:\/\/www.arsan.com\/en\/wp-json\/wp\/v2\/users\/2"}],"replies":[{"embeddable":true,"href":"https:\/\/www.arsan.com\/en\/wp-json\/wp\/v2\/comments?post=1142"}],"version-history":[{"count":0,"href":"https:\/\/www.arsan.com\/en\/wp-json\/wp\/v2\/pages\/1142\/revisions"}],"up":[{"embeddable":true,"href":"https:\/\/www.arsan.com\/en\/wp-json\/wp\/v2\/pages\/221"}],"wp:attachment":[{"href":"https:\/\/www.arsan.com\/en\/wp-json\/wp\/v2\/media?parent=1142"}],"curies":[{"name":"wp","href":"https:\/\/api.w.org\/{rel}","templated":true}]}}