{"id":1137,"date":"2020-10-07T18:04:10","date_gmt":"2020-10-07T15:04:10","guid":{"rendered":"https:\/\/www.arsan.com\/?page_id=1137"},"modified":"2023-06-14T10:46:26","modified_gmt":"2023-06-14T07:46:26","slug":"conta-tasarimi","status":"publish","type":"page","link":"https:\/\/www.arsan.com\/en\/hizmetlerimiz\/conta-tasarimi\/","title":{"rendered":"Gasket Design"},"content":{"rendered":"<div data-elementor-type=\"wp-page\" data-elementor-id=\"1137\" class=\"elementor elementor-1137\" data-elementor-post-type=\"page\">\n\t\t\t\t\t\t<section class=\"elementor-section elementor-top-section elementor-element elementor-element-5815ff6d elementor-section-boxed elementor-section-height-default elementor-section-height-default\" data-id=\"5815ff6d\" data-element_type=\"section\" data-e-type=\"section\">\n\t\t\t\t\t\t<div class=\"elementor-container elementor-column-gap-default\">\n\t\t\t\t\t<div class=\"elementor-column elementor-col-33 elementor-top-column elementor-element elementor-element-f901f28\" data-id=\"f901f28\" data-element_type=\"column\" data-e-type=\"column\" data-settings=\"{&quot;background_background&quot;:&quot;gradient&quot;}\">\n\t\t\t<div class=\"elementor-widget-wrap elementor-element-populated\">\n\t\t\t\t\t\t<div class=\"elementor-element elementor-element-1b6fc926 elementor-widget elementor-widget-text-editor\" data-id=\"1b6fc926\" data-element_type=\"widget\" data-e-type=\"widget\" data-widget_type=\"text-editor.default\">\n\t\t\t\t<div class=\"elementor-widget-container\">\n\t\t\t\t\t\t\t\t\t<p><span style=\"color: #ff671d;\">Services<\/span><\/p>\t\t\t\t\t\t\t\t<\/div>\n\t\t\t\t<\/div>\n\t\t\t\t<div class=\"elementor-element elementor-element-125ddd53 elementor-widget elementor-widget-text-editor\" data-id=\"125ddd53\" data-element_type=\"widget\" data-e-type=\"widget\" data-widget_type=\"text-editor.default\">\n\t\t\t\t<div class=\"elementor-widget-container\">\n\t\t\t\t\t\t\t\t\t<ul><li><a href=\"https:\/\/www.arsan.com\/hizmetlerimiz\/yapi-sagligi-izleme\/\"><span style=\"color: #ffffff;\">Structural Health Monitoring<\/span><\/a><\/li><li><a href=\"https:\/\/www.arsan.com\/hizmetlerimiz\/yapisal-ve-sismik-mesnet-dizayni\/\"><span style=\"color: #ffffff;\">Structural &amp; Seismic Bearing Design<\/span><\/a><\/li><li><a href=\"https:\/\/www.arsan.com\/hizmetlerimiz\/genlesme-derzi-montaji-ve-degisimi\/\"><span style=\"color: #ffffff;\">Expansion Joint Installation &amp; M.<\/span><\/a><\/li><li><a href=\"https:\/\/www.arsan.com\/hizmetlerimiz\/kopru-ve-bina-mesnet-montaji-ve-degisimi\/\"><span style=\"color: #ffffff;\">Bridge &amp; Building Bearing Inst. &amp; M.<\/span><\/a><\/li><li><a href=\"https:\/\/www.arsan.com\/hizmetlerimiz\/conta-tasarimi\/\"><span style=\"color: #ffffff;\"><span style=\"caret-color: #ffffff;\">Gasket Design<\/span><\/span><\/a><\/li><li><a href=\"https:\/\/www.arsan.com\/hizmetlerimiz\/testler\/\"><span style=\"color: #ffffff;\">Tests<\/span><\/a><\/li><\/ul><ul><li style=\"list-style-type: none;\">\u00a0<\/li><\/ul><ul><li style=\"list-style-type: none;\">\u00a0<\/li><\/ul>\t\t\t\t\t\t\t\t<\/div>\n\t\t\t\t<\/div>\n\t\t\t\t\t<\/div>\n\t\t<\/div>\n\t\t\t\t<div class=\"elementor-column elementor-col-66 elementor-top-column elementor-element elementor-element-1f3274e3\" data-id=\"1f3274e3\" data-element_type=\"column\" data-e-type=\"column\">\n\t\t\t<div class=\"elementor-widget-wrap elementor-element-populated\">\n\t\t\t\t\t\t<div class=\"elementor-element elementor-element-447ba842 elementor-widget elementor-widget-image\" data-id=\"447ba842\" data-element_type=\"widget\" data-e-type=\"widget\" data-widget_type=\"image.default\">\n\t\t\t\t<div class=\"elementor-widget-container\">\n\t\t\t\t\t\t\t\t\t\t\t\t\t\t\t<img fetchpriority=\"high\" decoding=\"async\" width=\"1100\" height=\"300\" src=\"https:\/\/www.arsan.com\/wp-content\/uploads\/2022\/12\/conta-tasarimi-1.jpg\" class=\"attachment-full size-full wp-image-4298\" alt=\"\" srcset=\"https:\/\/www.arsan.com\/wp-content\/uploads\/2022\/12\/conta-tasarimi-1.jpg 1100w, https:\/\/www.arsan.com\/wp-content\/uploads\/2022\/12\/conta-tasarimi-1-300x82.jpg 300w, https:\/\/www.arsan.com\/wp-content\/uploads\/2022\/12\/conta-tasarimi-1-1024x279.jpg 1024w, https:\/\/www.arsan.com\/wp-content\/uploads\/2022\/12\/conta-tasarimi-1-768x209.jpg 768w, https:\/\/www.arsan.com\/wp-content\/uploads\/2022\/12\/conta-tasarimi-1-18x5.jpg 18w\" sizes=\"(max-width: 1100px) 100vw, 1100px\" \/>\t\t\t\t\t\t\t\t\t\t\t\t\t\t\t<\/div>\n\t\t\t\t<\/div>\n\t\t\t\t<div class=\"elementor-element elementor-element-65d99102 elementor-widget elementor-widget-text-editor\" data-id=\"65d99102\" data-element_type=\"widget\" data-e-type=\"widget\" data-widget_type=\"text-editor.default\">\n\t\t\t\t<div class=\"elementor-widget-container\">\n\t\t\t\t\t\t\t\t\t<h3>Analysis Process of Segment Gasket<\/h3>\nIt is created by computer editing using design programs such as Autocad and NX 8.5, according to the most appropriate communication model according to the technical conditions received from the customers.\n\nSimulation programs are used to meet customers' parameters in a timely and rapid manner. After the designed content is installed in the tunnel, the manipulation program in the computer environment is analyzed to meet the desired features.\n\nWhen segment content is connected to tunnel blocks, the resulting section image is created through Autocad and NX 8.5 programs. In order to make a close analysis of systems operating with the logic of the finite element method, appropriate elements must be divided into parts and stabilization adjustments must be made in accordance with the model.\n\nAfter appropriate stabilization and element sizes are set, the scenario is created taking into account the conditions of the content's capacity to attract more attention. After all this data is entered, the model we created is solved. Although the solution time varies depending on the model, the results are examined in detail after the solution, which takes approximately 15 hours.\n\nArsan Kau\u00e7uk segment gasket, which has been analyzed, is produced for testing.\n\nStress relaxation, force displacements and demonstrations were applied to the gasket, the prototype of which was produced, in our laboratory within Arsan Kau\u00e7uk. Prototype product test results are compared with the test results of computerized analyses. The results of the evaluations are approved.\n\nArsan Kau\u00e7uk segment content that has been tested is presented together with the test results. The customer is deleted and the process is completed.\t\t\t\t\t\t\t\t<\/div>\n\t\t\t\t<\/div>\n\t\t\t\t\t<\/div>\n\t\t<\/div>\n\t\t\t\t\t<\/div>\n\t\t<\/section>\n\t\t\t\t<\/div>","protected":false},"excerpt":{"rendered":"<p>Hizmetlerimiz Yap\u0131 Sa\u011fl\u0131\u011f\u0131 \u0130zleme Yap\u0131sal ve Sismik Mesnet Dizayn\u0131 Genle\u015fme Derzi Montaji ve De\u011f. K\u00f6pr\u00fc ve Bina Mesnet Montaj\u0131 ve De\u011f. Conta Tasar\u0131m\u0131 Testler \u00a0 \u00a0 Segment Contas\u0131 Analiz S\u00fcreci M\u00fc\u015fterilerden gelen teknik \u015fartnameye g\u00f6re en uygun conta modeli Autocad, NX 8.5 gibi tasar\u0131m programlar\u0131 kullan\u0131larak \u00a0bilgisayar ortam\u0131nda olu\u015fturulur. M\u00fc\u015fterilerin beklentilerini zaman\u0131nda ve h\u0131zl\u0131 bir [&hellip;]<\/p>\n","protected":false},"author":2,"featured_media":0,"parent":221,"menu_order":0,"comment_status":"closed","ping_status":"closed","template":"","meta":{"footnotes":""},"class_list":["post-1137","page","type-page","status-publish","hentry"],"aioseo_notices":[],"_links":{"self":[{"href":"https:\/\/www.arsan.com\/en\/wp-json\/wp\/v2\/pages\/1137","targetHints":{"allow":["GET"]}}],"collection":[{"href":"https:\/\/www.arsan.com\/en\/wp-json\/wp\/v2\/pages"}],"about":[{"href":"https:\/\/www.arsan.com\/en\/wp-json\/wp\/v2\/types\/page"}],"author":[{"embeddable":true,"href":"https:\/\/www.arsan.com\/en\/wp-json\/wp\/v2\/users\/2"}],"replies":[{"embeddable":true,"href":"https:\/\/www.arsan.com\/en\/wp-json\/wp\/v2\/comments?post=1137"}],"version-history":[{"count":0,"href":"https:\/\/www.arsan.com\/en\/wp-json\/wp\/v2\/pages\/1137\/revisions"}],"up":[{"embeddable":true,"href":"https:\/\/www.arsan.com\/en\/wp-json\/wp\/v2\/pages\/221"}],"wp:attachment":[{"href":"https:\/\/www.arsan.com\/en\/wp-json\/wp\/v2\/media?parent=1137"}],"curies":[{"name":"wp","href":"https:\/\/api.w.org\/{rel}","templated":true}]}}