{"id":1127,"date":"2020-10-07T18:00:51","date_gmt":"2020-10-07T15:00:51","guid":{"rendered":"https:\/\/www.arsan.com\/?page_id=1127"},"modified":"2023-06-14T10:47:19","modified_gmt":"2023-06-14T07:47:19","slug":"yapisal-ve-sismik-mesnet-dizayni","status":"publish","type":"page","link":"https:\/\/www.arsan.com\/en\/hizmetlerimiz\/yapisal-ve-sismik-mesnet-dizayni\/","title":{"rendered":"Structural &amp; Seismic Bearing Design"},"content":{"rendered":"<div data-elementor-type=\"wp-page\" data-elementor-id=\"1127\" class=\"elementor elementor-1127\" data-elementor-post-type=\"page\">\n\t\t\t\t\t\t<section class=\"elementor-section elementor-top-section elementor-element elementor-element-4253d229 elementor-section-boxed elementor-section-height-default elementor-section-height-default\" data-id=\"4253d229\" data-element_type=\"section\" data-e-type=\"section\">\n\t\t\t\t\t\t<div class=\"elementor-container elementor-column-gap-default\">\n\t\t\t\t\t<div class=\"elementor-column elementor-col-33 elementor-top-column elementor-element elementor-element-4ff5dbb2\" data-id=\"4ff5dbb2\" data-element_type=\"column\" data-e-type=\"column\" data-settings=\"{&quot;background_background&quot;:&quot;gradient&quot;}\">\n\t\t\t<div class=\"elementor-widget-wrap elementor-element-populated\">\n\t\t\t\t\t\t<div class=\"elementor-element elementor-element-6e7199eb elementor-widget elementor-widget-text-editor\" data-id=\"6e7199eb\" data-element_type=\"widget\" data-e-type=\"widget\" data-widget_type=\"text-editor.default\">\n\t\t\t\t<div class=\"elementor-widget-container\">\n\t\t\t\t\t\t\t\t\t<p><span style=\"color: #ff671d;\">Services<\/span><\/p>\t\t\t\t\t\t\t\t<\/div>\n\t\t\t\t<\/div>\n\t\t\t\t<div class=\"elementor-element elementor-element-178039da elementor-widget elementor-widget-text-editor\" data-id=\"178039da\" data-element_type=\"widget\" data-e-type=\"widget\" data-widget_type=\"text-editor.default\">\n\t\t\t\t<div class=\"elementor-widget-container\">\n\t\t\t\t\t\t\t\t\t<ul><li><a href=\"https:\/\/www.arsan.com\/hizmetlerimiz\/yapi-sagligi-izleme\/\"><span style=\"color: #ffffff;\">Structural Health Monitoring<\/span><\/a><\/li><li><a href=\"https:\/\/www.arsan.com\/hizmetlerimiz\/yapisal-ve-sismik-mesnet-dizayni\/\"><span style=\"color: #ffffff;\">Structural &amp; Seismic Bearing Design<\/span><\/a><\/li><li><a href=\"https:\/\/www.arsan.com\/hizmetlerimiz\/genlesme-derzi-montaji-ve-degisimi\/\"><span style=\"color: #ffffff;\">Expansion Joint Installation &amp; M.<\/span><\/a><\/li><li><a href=\"https:\/\/www.arsan.com\/hizmetlerimiz\/kopru-ve-bina-mesnet-montaji-ve-degisimi\/\"><span style=\"color: #ffffff;\">Bridge &amp; Building Bearing Inst. &amp; M.<\/span><\/a><\/li><li><a href=\"https:\/\/www.arsan.com\/hizmetlerimiz\/conta-tasarimi\/\"><span style=\"color: #ffffff;\"><span style=\"caret-color: #ffffff;\">Gasket Design<\/span><\/span><\/a><\/li><li><a href=\"https:\/\/www.arsan.com\/hizmetlerimiz\/testler\/\"><span style=\"color: #ffffff;\">Tests<\/span><\/a><\/li><\/ul><ul><li style=\"list-style-type: none;\">\u00a0<\/li><\/ul><ul><li style=\"list-style-type: none;\">\u00a0<\/li><\/ul>\t\t\t\t\t\t\t\t<\/div>\n\t\t\t\t<\/div>\n\t\t\t\t\t<\/div>\n\t\t<\/div>\n\t\t\t\t<div class=\"elementor-column elementor-col-66 elementor-top-column elementor-element elementor-element-17e9f6cb\" data-id=\"17e9f6cb\" data-element_type=\"column\" data-e-type=\"column\">\n\t\t\t<div class=\"elementor-widget-wrap elementor-element-populated\">\n\t\t\t\t\t\t<div class=\"elementor-element elementor-element-76461607 elementor-widget elementor-widget-image\" data-id=\"76461607\" data-element_type=\"widget\" data-e-type=\"widget\" data-widget_type=\"image.default\">\n\t\t\t\t<div class=\"elementor-widget-container\">\n\t\t\t\t\t\t\t\t\t\t\t\t\t\t\t<img fetchpriority=\"high\" decoding=\"async\" width=\"1100\" height=\"300\" src=\"https:\/\/www.arsan.com\/wp-content\/uploads\/2022\/12\/yapisal-ve-sismik-m-dizayni-1.jpg\" class=\"attachment-full size-full wp-image-4286\" alt=\"\" srcset=\"https:\/\/www.arsan.com\/wp-content\/uploads\/2022\/12\/yapisal-ve-sismik-m-dizayni-1.jpg 1100w, https:\/\/www.arsan.com\/wp-content\/uploads\/2022\/12\/yapisal-ve-sismik-m-dizayni-1-300x82.jpg 300w, https:\/\/www.arsan.com\/wp-content\/uploads\/2022\/12\/yapisal-ve-sismik-m-dizayni-1-1024x279.jpg 1024w, https:\/\/www.arsan.com\/wp-content\/uploads\/2022\/12\/yapisal-ve-sismik-m-dizayni-1-768x209.jpg 768w, https:\/\/www.arsan.com\/wp-content\/uploads\/2022\/12\/yapisal-ve-sismik-m-dizayni-1-18x5.jpg 18w\" sizes=\"(max-width: 1100px) 100vw, 1100px\" \/>\t\t\t\t\t\t\t\t\t\t\t\t\t\t\t<\/div>\n\t\t\t\t<\/div>\n\t\t\t\t<div class=\"elementor-element elementor-element-71e178d elementor-widget elementor-widget-text-editor\" data-id=\"71e178d\" data-element_type=\"widget\" data-e-type=\"widget\" data-widget_type=\"text-editor.default\">\n\t\t\t\t<div class=\"elementor-widget-container\">\n\t\t\t\t\t\t\t\t\t<p>Arsan engineering department designs the structural and seismic bearings according to project requirements and specifications. Technical support for the project is provided by qualified Arsan engineer.<\/p><p>Among the products we have designed:<\/p><ul><li>Elastomer Bearings<\/li><li>Pot Bearings<\/li><li>Spherical Bearings<\/li><li>Lead Rubber Bearings<\/li><li>Special Bearings (Uplift Bearings, Guide Bearings and Restraint Bearings)<\/li><\/ul><p>The standards we use most in bearing designs are;<\/p><ul><li>EN 1337-3 Elastomeric Bearings<\/li><li>EN 15129 Seismic Bearings<\/li><li>BS 5400 Part 9 Bridge Bearings<\/li><li>TEC 2016 Turkish Earthquake Code<\/li><li>ASCE 7-16 Minimum Design Loads for Buildings and Other Structures<\/li><li>AASHTO LRFD 2012 Bridge Design Specifications<\/li><\/ul><p>The following steps are followed in the bearing design;<\/p><ul><li>The standard is determined according to the customer's request and the load table containing the following information is sent to us. The following data must be submitted for optimum design.<ul><li>Maximum and Minimum Vertical Loads,<\/li><li>Maximum Horizontal Loads,<\/li><li>Maximum Rotations,<\/li><li>Maximum Displacements,<\/li><li>Allowable Average Contact Stresses,<\/li><li>Connection Details,<\/li><li>Damping Ratio,<\/li><li>Response Spectrum Values.<\/li><\/ul><\/li><li>Bearing type is selected first.<\/li><li>The bearings are optimally designed in accordance with the requirements of the standard on request.<\/li><li>Technical drawings are prepared.<\/li><li>After approval, manufacturing process starts.<\/li><\/ul>\t\t\t\t\t\t\t\t<\/div>\n\t\t\t\t<\/div>\n\t\t\t\t\t<\/div>\n\t\t<\/div>\n\t\t\t\t\t<\/div>\n\t\t<\/section>\n\t\t\t\t<\/div>","protected":false},"excerpt":{"rendered":"<p>Hizmetlerimiz Yap\u0131 Sa\u011fl\u0131\u011f\u0131 \u0130zleme Yap\u0131sal ve Sismik Mesnet Dizayn\u0131 Genle\u015fme Derzi Montaji ve De\u011f. K\u00f6pr\u00fc ve Bina Mesnet Montaj\u0131 ve De\u011f. Conta Tasar\u0131m\u0131 Testler \u00a0 \u00a0 ARSAN, uzman m\u00fchendis kadrosuyla yap\u0131sal ve sismik mesnet dizaynlar\u0131n\u0131 proje gerekliliklerine ve istenen standartlara uygun olarak ger\u00e7ekle\u015ftirmektedir. Dizayn etti\u011fimiz \u00fcr\u00fcnler aras\u0131nda: Elastomer Mesnetler Pot Mesnetler K\u00fcresel Mesnetler Kur\u015fun \u00c7ekirdekli [&hellip;]<\/p>\n","protected":false},"author":2,"featured_media":0,"parent":221,"menu_order":0,"comment_status":"closed","ping_status":"closed","template":"","meta":{"footnotes":""},"class_list":["post-1127","page","type-page","status-publish","hentry"],"aioseo_notices":[],"_links":{"self":[{"href":"https:\/\/www.arsan.com\/en\/wp-json\/wp\/v2\/pages\/1127","targetHints":{"allow":["GET"]}}],"collection":[{"href":"https:\/\/www.arsan.com\/en\/wp-json\/wp\/v2\/pages"}],"about":[{"href":"https:\/\/www.arsan.com\/en\/wp-json\/wp\/v2\/types\/page"}],"author":[{"embeddable":true,"href":"https:\/\/www.arsan.com\/en\/wp-json\/wp\/v2\/users\/2"}],"replies":[{"embeddable":true,"href":"https:\/\/www.arsan.com\/en\/wp-json\/wp\/v2\/comments?post=1127"}],"version-history":[{"count":0,"href":"https:\/\/www.arsan.com\/en\/wp-json\/wp\/v2\/pages\/1127\/revisions"}],"up":[{"embeddable":true,"href":"https:\/\/www.arsan.com\/en\/wp-json\/wp\/v2\/pages\/221"}],"wp:attachment":[{"href":"https:\/\/www.arsan.com\/en\/wp-json\/wp\/v2\/media?parent=1127"}],"curies":[{"name":"wp","href":"https:\/\/api.w.org\/{rel}","templated":true}]}}