{"id":1116,"date":"2020-10-07T16:38:36","date_gmt":"2020-10-07T13:38:36","guid":{"rendered":"https:\/\/www.arsan.com\/?page_id=1116"},"modified":"2022-12-23T08:50:49","modified_gmt":"2022-12-23T05:50:49","slug":"genlesme-derzi-montaji-ve-degisimi","status":"publish","type":"page","link":"https:\/\/www.arsan.com\/en\/hizmetlerimiz\/genlesme-derzi-montaji-ve-degisimi\/","title":{"rendered":"Expansion Joint Installation &amp; Maintenance"},"content":{"rendered":"<div data-elementor-type=\"wp-page\" data-elementor-id=\"1116\" class=\"elementor elementor-1116\" data-elementor-post-type=\"page\">\n\t\t\t\t\t\t<section class=\"elementor-section elementor-top-section elementor-element elementor-element-4cbd85fa elementor-section-boxed elementor-section-height-default elementor-section-height-default\" data-id=\"4cbd85fa\" data-element_type=\"section\" data-e-type=\"section\">\n\t\t\t\t\t\t<div class=\"elementor-container elementor-column-gap-default\">\n\t\t\t\t\t<div class=\"elementor-column elementor-col-33 elementor-top-column elementor-element elementor-element-6fbdf3b5\" data-id=\"6fbdf3b5\" data-element_type=\"column\" data-e-type=\"column\" data-settings=\"{&quot;background_background&quot;:&quot;gradient&quot;}\">\n\t\t\t<div class=\"elementor-widget-wrap elementor-element-populated\">\n\t\t\t\t\t\t<div class=\"elementor-element elementor-element-9c084cf elementor-widget elementor-widget-text-editor\" data-id=\"9c084cf\" data-element_type=\"widget\" data-e-type=\"widget\" data-widget_type=\"text-editor.default\">\n\t\t\t\t<div class=\"elementor-widget-container\">\n\t\t\t\t\t\t\t\t\t<p><span style=\"color: #ff671d;\">Services<\/span><\/p>\t\t\t\t\t\t\t\t<\/div>\n\t\t\t\t<\/div>\n\t\t\t\t<div class=\"elementor-element elementor-element-4f354117 elementor-widget elementor-widget-text-editor\" data-id=\"4f354117\" data-element_type=\"widget\" data-e-type=\"widget\" data-widget_type=\"text-editor.default\">\n\t\t\t\t<div class=\"elementor-widget-container\">\n\t\t\t\t\t\t\t\t\t<ul><li><a href=\"https:\/\/www.arsan.com\/hizmetlerimiz\/yapi-sagligi-izleme\/\"><span style=\"color: #ffffff;\">Structural Health Monitoring<\/span><\/a><\/li><li><a href=\"https:\/\/www.arsan.com\/hizmetlerimiz\/yapisal-ve-sismik-mesnet-dizayni\/\"><span style=\"color: #ffffff;\">Structural &amp; Seismic Bearing Design<\/span><\/a><\/li><li><a href=\"https:\/\/www.arsan.com\/hizmetlerimiz\/genlesme-derzi-montaji-ve-degisimi\/\"><span style=\"color: #ffffff;\">Expansion Joint Installation &amp; M.<\/span><\/a><\/li><li><a href=\"https:\/\/www.arsan.com\/hizmetlerimiz\/kopru-ve-bina-mesnet-montaji-ve-degisimi\/\"><span style=\"color: #ffffff;\">Bridge &amp; Building Bearing Inst. &amp; M.<\/span><\/a><\/li><li><a href=\"https:\/\/www.arsan.com\/hizmetlerimiz\/conta-tasarimi\/\"><span style=\"color: #ffffff;\"><span style=\"caret-color: #ffffff;\">Gasket Design<\/span><\/span><\/a><\/li><li><a href=\"https:\/\/www.arsan.com\/hizmetlerimiz\/testler\/\"><span style=\"color: #ffffff;\">Tests<\/span><\/a><\/li><\/ul><ul><li style=\"list-style-type: none;\">\u00a0<\/li><\/ul><ul><li style=\"list-style-type: none;\">\u00a0<\/li><\/ul>\t\t\t\t\t\t\t\t<\/div>\n\t\t\t\t<\/div>\n\t\t\t\t\t<\/div>\n\t\t<\/div>\n\t\t\t\t<div class=\"elementor-column elementor-col-66 elementor-top-column elementor-element elementor-element-4f73bf86\" data-id=\"4f73bf86\" data-element_type=\"column\" data-e-type=\"column\">\n\t\t\t<div class=\"elementor-widget-wrap elementor-element-populated\">\n\t\t\t\t\t\t<div class=\"elementor-element elementor-element-14c371ab elementor-widget elementor-widget-image\" data-id=\"14c371ab\" data-element_type=\"widget\" data-e-type=\"widget\" data-widget_type=\"image.default\">\n\t\t\t\t<div class=\"elementor-widget-container\">\n\t\t\t\t\t\t\t\t\t\t\t\t\t\t\t<img fetchpriority=\"high\" decoding=\"async\" width=\"1100\" height=\"300\" src=\"https:\/\/www.arsan.com\/wp-content\/uploads\/2022\/12\/genlesme-derzi-montaji-ve-degisimi-1.jpg\" class=\"attachment-full size-full wp-image-4290\" alt=\"\" srcset=\"https:\/\/www.arsan.com\/wp-content\/uploads\/2022\/12\/genlesme-derzi-montaji-ve-degisimi-1.jpg 1100w, https:\/\/www.arsan.com\/wp-content\/uploads\/2022\/12\/genlesme-derzi-montaji-ve-degisimi-1-300x82.jpg 300w, https:\/\/www.arsan.com\/wp-content\/uploads\/2022\/12\/genlesme-derzi-montaji-ve-degisimi-1-1024x279.jpg 1024w, https:\/\/www.arsan.com\/wp-content\/uploads\/2022\/12\/genlesme-derzi-montaji-ve-degisimi-1-768x209.jpg 768w, https:\/\/www.arsan.com\/wp-content\/uploads\/2022\/12\/genlesme-derzi-montaji-ve-degisimi-1-18x5.jpg 18w\" sizes=\"(max-width: 1100px) 100vw, 1100px\" \/>\t\t\t\t\t\t\t\t\t\t\t\t\t\t\t<\/div>\n\t\t\t\t<\/div>\n\t\t\t\t<div class=\"elementor-element elementor-element-607f4248 elementor-widget elementor-widget-text-editor\" data-id=\"607f4248\" data-element_type=\"widget\" data-e-type=\"widget\" data-widget_type=\"text-editor.default\">\n\t\t\t\t<div class=\"elementor-widget-container\">\n\t\t\t\t\t\t\t\t\t<p>With SEM expansion joints, ARSAN aims to provide the most appropriate solution for the environmental effects, live loads, physical changes after creep and shrinkage in the structures. It has a product range suitable for many different spans with its standard and seismic types. <br \/>One of the biggest advantages of SEM expansion joints produced with ARSAN quality is that the assembly and replacement processes are simpler compared to other expansion joint types. <br \/>The assembly and replacement procedure is done with the supervision of our expert engineers. In line with the supervisor's report, SEM expansion joints are under the guarantee of Arsan.<\/p>\t\t\t\t\t\t\t\t<\/div>\n\t\t\t\t<\/div>\n\t\t\t\t\t<\/div>\n\t\t<\/div>\n\t\t\t\t\t<\/div>\n\t\t<\/section>\n\t\t\t\t<\/div>","protected":false},"excerpt":{"rendered":"<p>Hizmetlerimiz Yap\u0131 Sa\u011fl\u0131\u011f\u0131 \u0130zleme Yap\u0131sal ve Sismik Mesnet Dizayn\u0131 Genle\u015fme Derzi Montaji ve De\u011f. K\u00f6pr\u00fc ve Bina Mesnet Montaj\u0131 ve De\u011f. Conta Tasar\u0131m\u0131 Testler \u00a0 \u00a0 ARSAN, SEM genle\u015fme derzleri ile yap\u0131lardaki \u00e7evresel etkiler, hareketli y\u00fckler, s\u00fcnme ve b\u00fcz\u00fclme sonras\u0131 olu\u015fan fiziksel de\u011fi\u015fimler i\u00e7in en uygun \u00e7\u00f6z\u00fcm sunmay\u0131 hedeflemi\u015ftir. Standart ve sismik tipleriyle bir\u00e7ok farkl\u0131 [&hellip;]<\/p>\n","protected":false},"author":2,"featured_media":0,"parent":221,"menu_order":0,"comment_status":"closed","ping_status":"closed","template":"","meta":{"footnotes":""},"class_list":["post-1116","page","type-page","status-publish","hentry"],"aioseo_notices":[],"_links":{"self":[{"href":"https:\/\/www.arsan.com\/en\/wp-json\/wp\/v2\/pages\/1116","targetHints":{"allow":["GET"]}}],"collection":[{"href":"https:\/\/www.arsan.com\/en\/wp-json\/wp\/v2\/pages"}],"about":[{"href":"https:\/\/www.arsan.com\/en\/wp-json\/wp\/v2\/types\/page"}],"author":[{"embeddable":true,"href":"https:\/\/www.arsan.com\/en\/wp-json\/wp\/v2\/users\/2"}],"replies":[{"embeddable":true,"href":"https:\/\/www.arsan.com\/en\/wp-json\/wp\/v2\/comments?post=1116"}],"version-history":[{"count":0,"href":"https:\/\/www.arsan.com\/en\/wp-json\/wp\/v2\/pages\/1116\/revisions"}],"up":[{"embeddable":true,"href":"https:\/\/www.arsan.com\/en\/wp-json\/wp\/v2\/pages\/221"}],"wp:attachment":[{"href":"https:\/\/www.arsan.com\/en\/wp-json\/wp\/v2\/media?parent=1116"}],"curies":[{"name":"wp","href":"https:\/\/api.w.org\/{rel}","templated":true}]}}