{"id":1080,"date":"2020-10-07T14:58:39","date_gmt":"2020-10-07T11:58:39","guid":{"rendered":"https:\/\/www.arsan.com\/?page_id=1080"},"modified":"2023-06-14T10:46:51","modified_gmt":"2023-06-14T07:46:51","slug":"yapi-sagligi-izleme","status":"publish","type":"page","link":"https:\/\/www.arsan.com\/en\/hizmetlerimiz\/yapi-sagligi-izleme\/","title":{"rendered":"Structural Health Monitoring"},"content":{"rendered":"<div data-elementor-type=\"wp-page\" data-elementor-id=\"1080\" class=\"elementor elementor-1080\" data-elementor-post-type=\"page\">\n\t\t\t\t\t\t<section class=\"elementor-section elementor-top-section elementor-element elementor-element-7e02ee1 elementor-section-boxed elementor-section-height-default elementor-section-height-default\" data-id=\"7e02ee1\" data-element_type=\"section\" data-e-type=\"section\">\n\t\t\t\t\t\t<div class=\"elementor-container elementor-column-gap-default\">\n\t\t\t\t\t<div class=\"elementor-column elementor-col-33 elementor-top-column elementor-element elementor-element-b137573\" data-id=\"b137573\" data-element_type=\"column\" data-e-type=\"column\" data-settings=\"{&quot;background_background&quot;:&quot;gradient&quot;}\">\n\t\t\t<div class=\"elementor-widget-wrap elementor-element-populated\">\n\t\t\t\t\t\t<div class=\"elementor-element elementor-element-86f1ae4 elementor-widget elementor-widget-text-editor\" data-id=\"86f1ae4\" data-element_type=\"widget\" data-e-type=\"widget\" data-widget_type=\"text-editor.default\">\n\t\t\t\t<div class=\"elementor-widget-container\">\n\t\t\t\t\t\t\t\t\t<p><span style=\"color: #ff671d;\">Services<\/span><\/p>\t\t\t\t\t\t\t\t<\/div>\n\t\t\t\t<\/div>\n\t\t\t\t<div class=\"elementor-element elementor-element-1ea7b40 elementor-widget elementor-widget-text-editor\" data-id=\"1ea7b40\" data-element_type=\"widget\" data-e-type=\"widget\" data-widget_type=\"text-editor.default\">\n\t\t\t\t<div class=\"elementor-widget-container\">\n\t\t\t\t\t\t\t\t\t<ul><li><a href=\"https:\/\/www.arsan.com\/hizmetlerimiz\/yapi-sagligi-izleme\/\"><span style=\"color: #ffffff;\">Structural Health Monitoring<\/span><\/a><\/li><li><a href=\"https:\/\/www.arsan.com\/hizmetlerimiz\/yapisal-ve-sismik-mesnet-dizayni\/\"><span style=\"color: #ffffff;\">Structural &amp; Seismic Bearing Design<\/span><\/a><\/li><li><a href=\"https:\/\/www.arsan.com\/hizmetlerimiz\/genlesme-derzi-montaji-ve-degisimi\/\"><span style=\"color: #ffffff;\">Expansion Joint Installation &amp; M.<\/span><\/a><\/li><li><a href=\"https:\/\/www.arsan.com\/hizmetlerimiz\/kopru-ve-bina-mesnet-montaji-ve-degisimi\/\"><span style=\"color: #ffffff;\">Bridge &amp; Building Bearing Inst. &amp; M.<\/span><\/a><\/li><li><a href=\"https:\/\/www.arsan.com\/hizmetlerimiz\/conta-tasarimi\/\"><span style=\"color: #ffffff;\"><span style=\"caret-color: #ffffff;\">Gasket Design<\/span><\/span><\/a><\/li><li><a href=\"https:\/\/www.arsan.com\/hizmetlerimiz\/testler\/\"><span style=\"color: #ffffff;\">Tests<\/span><\/a><\/li><\/ul><ul><li style=\"list-style-type: none;\">\u00a0<\/li><\/ul><ul><li style=\"list-style-type: none;\">\u00a0<\/li><\/ul>\t\t\t\t\t\t\t\t<\/div>\n\t\t\t\t<\/div>\n\t\t\t\t\t<\/div>\n\t\t<\/div>\n\t\t\t\t<div class=\"elementor-column elementor-col-66 elementor-top-column elementor-element elementor-element-4f1830f\" data-id=\"4f1830f\" data-element_type=\"column\" data-e-type=\"column\">\n\t\t\t<div class=\"elementor-widget-wrap elementor-element-populated\">\n\t\t\t\t\t\t<div class=\"elementor-element elementor-element-184baf9 elementor-widget elementor-widget-image\" data-id=\"184baf9\" data-element_type=\"widget\" data-e-type=\"widget\" data-widget_type=\"image.default\">\n\t\t\t\t<div class=\"elementor-widget-container\">\n\t\t\t\t\t\t\t\t\t\t\t\t\t\t\t<img fetchpriority=\"high\" decoding=\"async\" width=\"1100\" height=\"300\" src=\"https:\/\/www.arsan.com\/wp-content\/uploads\/2022\/12\/yapi-sagligi-izleme-1.jpg\" class=\"attachment-full size-full wp-image-4282\" alt=\"\" srcset=\"https:\/\/www.arsan.com\/wp-content\/uploads\/2022\/12\/yapi-sagligi-izleme-1.jpg 1100w, https:\/\/www.arsan.com\/wp-content\/uploads\/2022\/12\/yapi-sagligi-izleme-1-300x82.jpg 300w, https:\/\/www.arsan.com\/wp-content\/uploads\/2022\/12\/yapi-sagligi-izleme-1-1024x279.jpg 1024w, https:\/\/www.arsan.com\/wp-content\/uploads\/2022\/12\/yapi-sagligi-izleme-1-768x209.jpg 768w, https:\/\/www.arsan.com\/wp-content\/uploads\/2022\/12\/yapi-sagligi-izleme-1-18x5.jpg 18w\" sizes=\"(max-width: 1100px) 100vw, 1100px\" \/>\t\t\t\t\t\t\t\t\t\t\t\t\t\t\t<\/div>\n\t\t\t\t<\/div>\n\t\t\t\t<div class=\"elementor-element elementor-element-17ed93da elementor-widget elementor-widget-text-editor\" data-id=\"17ed93da\" data-element_type=\"widget\" data-e-type=\"widget\" data-widget_type=\"text-editor.default\">\n\t\t\t\t<div class=\"elementor-widget-container\">\n\t\t\t\t\t\t\t\t\t<h3>Properties<\/h3><p><img decoding=\"async\" class=\"size-medium wp-image-1779 alignleft\" src=\"https:\/\/www.arsan.com\/wp-content\/uploads\/2020\/10\/IMG_207311-225x300.jpg\" alt=\"\" width=\"225\" height=\"300\" srcset=\"https:\/\/www.arsan.com\/wp-content\/uploads\/2020\/10\/IMG_207311-225x300.jpg 225w, https:\/\/www.arsan.com\/wp-content\/uploads\/2020\/10\/IMG_207311-768x1024.jpg 768w, https:\/\/www.arsan.com\/wp-content\/uploads\/2020\/10\/IMG_207311-9x12.jpg 9w, https:\/\/www.arsan.com\/wp-content\/uploads\/2020\/10\/IMG_207311.jpg 1120w\" sizes=\"(max-width: 225px) 100vw, 225px\" \/>Monitoring of structures provides valuable and timely data that, in return, helps building and maintaining sustainable and resilient structural assets. Increasing availability of high-tech monitoring equipment makes possible to monitor the health of structures with high performance.<\/p><p>Structural health monitoring generally provides data on key issues such as:<\/p><ul><li>Gradual change in overall structural parameters and decline of the structure<\/li><li>Time-dependent changes in structural components such as expansion joints, bearing, and isolators<\/li><li>Response of the structure to extreme events such as earthquakes, strong winds, explosions or accidents<\/li><\/ul><h3>What Monitoring Does?<\/h3><p>Monitoring provides real-time data in terms of engineering parameters such as:<\/p><ul><li>Accelerations,<\/li><li>Displacements,<\/li><li>Humidity,<\/li><li>Temperature etc<\/li><\/ul><p>are parameters like.<\/p><p>Accelerations are useful to provide data for the response of the structure to vibrations such as winds, earthquakes or traffic. Low-amplitude acceleration data can also be used for Operational Modal Analysis (OMA) for determining dynamic characteristics of the structure. Change in stiffness or mass of the structure will immediately show alterations in the OMA results, which makes it a useful tool for determining overall structural status.<\/p><p>Displacements are used for monitoring cracks, moving parts, expansion joints or other deformations. Displacements are the best indicators for structural damage and onset of the damage over a time period.<\/p><p>Structures are responsive to humidity and temperature changes, thus environmental conditions should also be recorded together with the structural response data.<\/p><h3>Services<\/h3><p>Our services in structural monitoring cover a wide range of applications. We can provide services for one-time monitoring applications for:<\/p><p>In one-time monitoring;<\/p><ul><li>Operational modal analysis,<\/li><li>Condition assessment,<\/li><li>Proof-tests for design verification.<\/li><\/ul><p><strong>Furthermore, we can also provide long-term monitoring with permanently installed equipment for<\/strong><\/p><ul><li>Crack monitoring,<\/li><li>Deformation monitoring (expansion joints, bearings, dampers, etc),<\/li><li>Seismic monitoring for weak and strong ground motions,<\/li><li>Structural check after small-to-medium intensity earthquakes,<\/li><li>Regular reporting of structural condition.<\/li><\/ul><p><img decoding=\"async\" class=\"alignnone size-full wp-image-1071\" src=\"https:\/\/www.arsan.com\/wp-content\/uploads\/2020\/04\/catlak-izleme.jpg\" alt=\"\" width=\"800\" height=\"600\" srcset=\"https:\/\/www.arsan.com\/wp-content\/uploads\/2020\/04\/catlak-izleme.jpg 800w, https:\/\/www.arsan.com\/wp-content\/uploads\/2020\/04\/catlak-izleme-300x225.jpg 300w, https:\/\/www.arsan.com\/wp-content\/uploads\/2020\/04\/catlak-izleme-768x576.jpg 768w, https:\/\/www.arsan.com\/wp-content\/uploads\/2020\/04\/catlak-izleme-16x12.jpg 16w\" sizes=\"(max-width: 800px) 100vw, 800px\" \/><\/p><p><strong>An example long-term monitoring log<\/strong><\/p><p><img loading=\"lazy\" decoding=\"async\" class=\"alignnone size-full wp-image-1072\" src=\"https:\/\/www.arsan.com\/wp-content\/uploads\/2020\/04\/image005.png\" alt=\"\" width=\"553\" height=\"272\" srcset=\"https:\/\/www.arsan.com\/wp-content\/uploads\/2020\/04\/image005.png 553w, https:\/\/www.arsan.com\/wp-content\/uploads\/2020\/04\/image005-300x148.png 300w, https:\/\/www.arsan.com\/wp-content\/uploads\/2020\/04\/image005-16x8.png 16w\" sizes=\"(max-width: 553px) 100vw, 553px\" \/><\/p><p><img loading=\"lazy\" decoding=\"async\" class=\"alignnone size-full wp-image-1073\" src=\"https:\/\/www.arsan.com\/wp-content\/uploads\/2020\/04\/hizmetler1.jpg\" alt=\"\" width=\"810\" height=\"209\" srcset=\"https:\/\/www.arsan.com\/wp-content\/uploads\/2020\/04\/hizmetler1.jpg 810w, https:\/\/www.arsan.com\/wp-content\/uploads\/2020\/04\/hizmetler1-300x77.jpg 300w, https:\/\/www.arsan.com\/wp-content\/uploads\/2020\/04\/hizmetler1-768x198.jpg 768w, https:\/\/www.arsan.com\/wp-content\/uploads\/2020\/04\/hizmetler1-16x4.jpg 16w\" sizes=\"(max-width: 810px) 100vw, 810px\" \/><\/p>\t\t\t\t\t\t\t\t<\/div>\n\t\t\t\t<\/div>\n\t\t\t\t\t<\/div>\n\t\t<\/div>\n\t\t\t\t\t<\/div>\n\t\t<\/section>\n\t\t\t\t<\/div>","protected":false},"excerpt":{"rendered":"<p>Hizmetlerimiz Yap\u0131 Sa\u011fl\u0131\u011f\u0131 \u0130zleme Yap\u0131sal ve Sismik Mesnet Dizayn\u0131 Genle\u015fme Derzi Montaji ve De\u011f. K\u00f6pr\u00fc ve Bina Mesnet Montaj\u0131 ve De\u011f. Conta Tasar\u0131m\u0131 Testler \u00a0 \u00a0 Yap\u0131 Sa\u011fl\u0131\u011f\u0131 \u0130zlemesi Nedir? Yap\u0131 sistemlerinde yap\u0131 sa\u011fl\u0131\u011f\u0131 izlemesi, \u00f6nemli yap\u0131sal verileri zaman\u0131nda temin ederek yap\u0131lar\u0131n korunmas\u0131n\u0131 ve \u00f6m\u00fcrlerinin artmas\u0131n\u0131 sa\u011flar.\u00a0Y\u00fcksek teknoloji \u00fcr\u00fcn\u00fc hassas sens\u00f6rler ile yap\u0131lan \u00f6l\u00e7\u00fcmler, yap\u0131lar\u0131n [&hellip;]<\/p>\n","protected":false},"author":2,"featured_media":0,"parent":221,"menu_order":0,"comment_status":"closed","ping_status":"closed","template":"","meta":{"footnotes":""},"class_list":["post-1080","page","type-page","status-publish","hentry"],"aioseo_notices":[],"_links":{"self":[{"href":"https:\/\/www.arsan.com\/en\/wp-json\/wp\/v2\/pages\/1080","targetHints":{"allow":["GET"]}}],"collection":[{"href":"https:\/\/www.arsan.com\/en\/wp-json\/wp\/v2\/pages"}],"about":[{"href":"https:\/\/www.arsan.com\/en\/wp-json\/wp\/v2\/types\/page"}],"author":[{"embeddable":true,"href":"https:\/\/www.arsan.com\/en\/wp-json\/wp\/v2\/users\/2"}],"replies":[{"embeddable":true,"href":"https:\/\/www.arsan.com\/en\/wp-json\/wp\/v2\/comments?post=1080"}],"version-history":[{"count":0,"href":"https:\/\/www.arsan.com\/en\/wp-json\/wp\/v2\/pages\/1080\/revisions"}],"up":[{"embeddable":true,"href":"https:\/\/www.arsan.com\/en\/wp-json\/wp\/v2\/pages\/221"}],"wp:attachment":[{"href":"https:\/\/www.arsan.com\/en\/wp-json\/wp\/v2\/media?parent=1080"}],"curies":[{"name":"wp","href":"https:\/\/api.w.org\/{rel}","templated":true}]}}